{"id":805,"date":"2021-04-26T14:37:17","date_gmt":"2021-04-26T13:37:17","guid":{"rendered":"http:\/\/www.kokvagn.se\/?page_id=805"},"modified":"2021-04-27T15:36:57","modified_gmt":"2021-04-27T14:36:57","slug":"faltbakugn-201-2104","status":"publish","type":"page","link":"https:\/\/www.kokvagn.se\/?page_id=805","title":{"rendered":"F\u00e4ltbakugn 201  2104"},"content":{"rendered":"<p>[et_pb_section fb_built=&#8221;1&#8243; admin_label=&#8221;Header&#8221; _builder_version=&#8221;4.9.4&#8243; use_background_color_gradient=&#8221;on&#8221; background_color_gradient_start=&#8221;rgba(0,0,0,0.65)&#8221; background_color_gradient_end=&#8221;rgba(224,153,0,0)&#8221; background_color_gradient_direction=&#8221;123deg&#8221; background_color_gradient_overlays_image=&#8221;on&#8221; background_image=&#8221;https:\/\/www.kokvagn.se\/wp-content\/uploads\/Ritning-sida.jpg&#8221; custom_padding=&#8221;6vw||6vw||true|false&#8221; bottom_divider_style=&#8221;slant2&#8243; bottom_divider_color=&#8221;rgba(0,0,0,0.38)&#8221; bottom_divider_height=&#8221;100%&#8221; bottom_divider_flip=&#8221;horizontal&#8221;][et_pb_row _builder_version=&#8221;3.25&#8243;][et_pb_column type=&#8221;4_4&#8243; _builder_version=&#8221;3.25&#8243; custom_padding=&#8221;|||&#8221; custom_padding__hover=&#8221;|||&#8221;][et_pb_divider color=&#8221;rgba(255,255,255,0.24)&#8221; divider_style=&#8221;dashed&#8221; divider_weight=&#8221;3px&#8221; _builder_version=&#8221;3.17.1&#8243; max_width=&#8221;820px&#8221; height=&#8221;3px&#8221;][\/et_pb_divider][\/et_pb_column][\/et_pb_row][et_pb_row _builder_version=&#8221;3.25&#8243; custom_padding=&#8221;0|0px|0|0px|true|false&#8221; border_color_all=&#8221;#ffa53b&#8221; border_width_left=&#8221;20px&#8221;][et_pb_column type=&#8221;4_4&#8243; _builder_version=&#8221;3.25&#8243; custom_padding=&#8221;|||&#8221; custom_padding__hover=&#8221;|||&#8221;][et_pb_text _builder_version=&#8221;3.27.4&#8243; header_font=&#8221;|800||on|||||&#8221; header_text_color=&#8221;#000000&#8243; header_font_size=&#8221;70px&#8221; header_letter_spacing=&#8221;0.1em&#8221; header_line_height=&#8221;1.4em&#8221; background_color=&#8221;#ffa53b&#8221; max_width=&#8221;800px&#8221; custom_margin=&#8221;||0px&#8221; custom_padding=&#8221;40px|10px|40px|20px|true|false&#8221; header_font_size_tablet=&#8221;40px&#8221; header_font_size_phone=&#8221;30px&#8221; header_font_size_last_edited=&#8221;on|phone&#8221;]<\/p>\n<h1>F\u00e4ltbakugn 201<\/h1>\n<p>[\/et_pb_text][\/et_pb_column][\/et_pb_row][et_pb_row column_structure=&#8221;2_5,3_5&#8243; _builder_version=&#8221;3.25&#8243; custom_padding=&#8221;0|0px|27px|0px|false|false&#8221;][et_pb_column type=&#8221;2_5&#8243; _builder_version=&#8221;3.25&#8243; custom_padding=&#8221;|||&#8221; custom_padding__hover=&#8221;|||&#8221;][et_pb_button button_text=&#8221;F\u00e4ltbakugn 201&#8243; _builder_version=&#8221;4.9.4&#8243; custom_button=&#8221;on&#8221; button_text_size=&#8221;16px&#8221; button_border_width=&#8221;0px&#8221; button_border_color=&#8221;rgba(0,0,0,0)&#8221; button_border_radius=&#8221;0px&#8221; button_letter_spacing=&#8221;2px&#8221; button_font=&#8221;|700||on|||||&#8221; background_layout=&#8221;dark&#8221; custom_margin=&#8221;||0px&#8221; custom_padding=&#8221;20px|40px|20px|40px|true|true&#8221; hover_enabled=&#8221;0&#8243; box_shadow_style=&#8221;preset2&#8243; box_shadow_horizontal=&#8221;0px&#8221; box_shadow_vertical=&#8221;4px&#8221; box_shadow_blur=&#8221;0px&#8221; box_shadow_color=&#8221;#ffffff&#8221; button_bg_color__hover_enabled=&#8221;on&#8221; button_bg_color__hover=&#8221;rgba(30,30,30,0)&#8221; sticky_enabled=&#8221;0&#8243; button_use_icon=&#8221;off&#8221;][\/et_pb_button][\/et_pb_column][et_pb_column type=&#8221;3_5&#8243; _builder_version=&#8221;3.25&#8243; custom_padding=&#8221;60px|||&#8221; custom_padding_tablet=&#8221;20px||&#8221; custom_padding_phone=&#8221;&#8221; custom_padding_last_edited=&#8221;on|tablet&#8221; padding_tablet=&#8221;20px||&#8221; padding_last_edited=&#8221;on|tablet&#8221; custom_padding__hover=&#8221;|||&#8221;][\/et_pb_column][\/et_pb_row][\/et_pb_section][et_pb_section fb_built=&#8221;1&#8243; _builder_version=&#8221;4.9.4&#8243; _module_preset=&#8221;default&#8221; background_color=&#8221;#f9f9f9&#8243;][et_pb_row column_structure=&#8221;1_2,1_2&#8243; _builder_version=&#8221;4.9.4&#8243; _module_preset=&#8221;default&#8221;][et_pb_column type=&#8221;1_2&#8243; _builder_version=&#8221;4.9.4&#8243; _module_preset=&#8221;default&#8221;][et_pb_blurb title=&#8221;F\u00e4ltbakugn 201&#8243; image=&#8221;https:\/\/www.kokvagn.se\/wp-content\/uploads\/Pa\u030a-uppfarten.jpg&#8221; _builder_version=&#8221;4.9.4&#8243; _module_preset=&#8221;default&#8221; hover_enabled=&#8221;0&#8243; title_text=&#8221;Pa\u030a uppfarten&#8221; sticky_enabled=&#8221;0&#8243;]<\/p>\n<p>Tack vare en uppm\u00e4rksam Tomas L, s\u00e5 \u00e4r jag nu \u00e4gare till vad som verkar vara den enda bevarade f\u00e4ltbakugnen av 40-tals modell.<\/p>\n<p>[\/et_pb_blurb][\/et_pb_column][et_pb_column type=&#8221;1_2&#8243; _builder_version=&#8221;4.9.4&#8243; _module_preset=&#8221;default&#8221;][et_pb_blurb title=&#8221;F\u00f6rsta g\u00e5ngen utomhus&#8221; image=&#8221;https:\/\/www.kokvagn.se\/wp-content\/uploads\/Ha\u0308mtning-1-e1619439185304.jpg&#8221; _builder_version=&#8221;4.9.4&#8243; _module_preset=&#8221;default&#8221; hover_enabled=&#8221;0&#8243; title_text=&#8221;Ha\u0308mtning 1&#8243; sticky_enabled=&#8221;0&#8243; transform_scale=&#8221;100%|99%&#8221; transform_scale_linked=&#8221;off&#8221;]<\/p>\n<p>Ugnen h\u00e4mtades fram ur en loge p\u00e5 en g\u00e5rd utanf\u00f6r Str\u00e4ngn\u00e4s d\u00e4r den st\u00e5tt i \u00f6ver femtio \u00e5r.<\/p>\n<p>[\/et_pb_blurb][\/et_pb_column][\/et_pb_row][et_pb_row _builder_version=&#8221;4.9.4&#8243; _module_preset=&#8221;default&#8221; column_structure=&#8221;1_2,1_2&#8243;][et_pb_column _builder_version=&#8221;4.9.4&#8243; _module_preset=&#8221;default&#8221; type=&#8221;1_2&#8243;][et_pb_image src=&#8221;https:\/\/www.kokvagn.se\/wp-content\/uploads\/Ha\u0308mtning-2.jpg&#8221; _builder_version=&#8221;4.9.4&#8243; _module_preset=&#8221;default&#8221; title_text=&#8221;Ha\u0308mtning 2&#8243; hover_enabled=&#8221;0&#8243; sticky_enabled=&#8221;0&#8243;][\/et_pb_image][\/et_pb_column][et_pb_column _builder_version=&#8221;4.9.4&#8243; _module_preset=&#8221;default&#8221; type=&#8221;1_2&#8243;][et_pb_image src=&#8221;https:\/\/www.kokvagn.se\/wp-content\/uploads\/Pa\u030a-sla\u0308pet.jpg&#8221; _builder_version=&#8221;4.9.4&#8243; _module_preset=&#8221;default&#8221; title_text=&#8221;Pa\u030a sla\u0308pet&#8221; hover_enabled=&#8221;0&#8243; sticky_enabled=&#8221;0&#8243;][\/et_pb_image][\/et_pb_column][\/et_pb_row][et_pb_row _builder_version=&#8221;4.9.4&#8243; _module_preset=&#8221;default&#8221;][et_pb_column _builder_version=&#8221;4.9.4&#8243; _module_preset=&#8221;default&#8221; type=&#8221;4_4&#8243;][et_pb_text _builder_version=&#8221;4.9.4&#8243; _module_preset=&#8221;default&#8221; border_width_all=&#8221;2px&#8221; max_width=&#8221;100%&#8221; width=&#8221;35%&#8221; module_alignment=&#8221;right&#8221; box_shadow_style=&#8221;preset4&#8243; box_shadow_horizontal=&#8221;12px&#8221; box_shadow_vertical=&#8221;8px&#8221; box_shadow_blur=&#8221;21px&#8221; custom_padding=&#8221;0px||||false|false&#8221; custom_margin=&#8221;-78px|0px||0px|false|false&#8221; background_color=&#8221;#E09900&#8243; border_radii=&#8221;on|9px|9px|9px|9px&#8221; transform_scale=&#8221;116%|116%&#8221; transform_translate=&#8221;86px|1px&#8221; hover_enabled=&#8221;0&#8243; sticky_enabled=&#8221;0&#8243;]<\/p>\n<p>Den \u00e4r tung, och naturligtvis s\u00e5 regnar det, men nu \u00e4r den p\u00e5 sl\u00e4pet och det \u00e4r bara 9 timmars k\u00f6rning till Sk\u00e5ne\u2026<\/p>\n<p>[\/et_pb_text][\/et_pb_column][\/et_pb_row][et_pb_row _builder_version=&#8221;4.9.4&#8243; _module_preset=&#8221;default&#8221; column_structure=&#8221;1_2,1_2&#8243;][et_pb_column _builder_version=&#8221;4.9.4&#8243; _module_preset=&#8221;default&#8221; type=&#8221;1_2&#8243;][et_pb_image src=&#8221;https:\/\/www.kokvagn.se\/wp-content\/uploads\/Fa\u0308ltbakugn-201-sid-1.jpg&#8221; _builder_version=&#8221;4.9.4&#8243; _module_preset=&#8221;default&#8221; title_text=&#8221;Fa\u0308ltbakugn 201 sid 1&#8243; hover_enabled=&#8221;0&#8243; sticky_enabled=&#8221;0&#8243;][\/et_pb_image][\/et_pb_column][et_pb_column _builder_version=&#8221;4.9.4&#8243; _module_preset=&#8221;default&#8221; type=&#8221;1_2&#8243;][et_pb_image src=&#8221;https:\/\/www.kokvagn.se\/wp-content\/uploads\/Fa\u0308ltbakugn-201-sid-2.jpg&#8221; _builder_version=&#8221;4.9.4&#8243; _module_preset=&#8221;default&#8221; title_text=&#8221;Fa\u0308ltbakugn 201 sid 2&#8243; hover_enabled=&#8221;0&#8243; sticky_enabled=&#8221;0&#8243;][\/et_pb_image][\/et_pb_column][\/et_pb_row][et_pb_row _builder_version=&#8221;4.9.4&#8243; _module_preset=&#8221;default&#8221; column_structure=&#8221;1_2,1_2&#8243;][et_pb_column _builder_version=&#8221;4.9.4&#8243; _module_preset=&#8221;default&#8221; type=&#8221;1_2&#8243;][et_pb_blurb image=&#8221;https:\/\/www.kokvagn.se\/wp-content\/uploads\/Verkstads-ab-lindqvist-1941.jpg&#8221; _builder_version=&#8221;4.9.4&#8243; _module_preset=&#8221;default&#8221; title_text=&#8221;Verkstads ab lindqvist 1941&#8243; hover_enabled=&#8221;0&#8243; sticky_enabled=&#8221;0&#8243;]<\/p>\n<p>Ugnen \u00e4r modell 1902 men \u00e4r tillverkad 1941 av Verkstads AB Lindqvist i Motala<\/p>\n<p>[\/et_pb_blurb][\/et_pb_column][et_pb_column _builder_version=&#8221;4.9.4&#8243; _module_preset=&#8221;default&#8221; type=&#8221;1_2&#8243;][et_pb_blurb title=&#8221;Verktyg p\u00e5 sidan&#8221; image=&#8221;https:\/\/www.kokvagn.se\/wp-content\/uploads\/Redskap.jpg&#8221; _builder_version=&#8221;4.9.4&#8243; _module_preset=&#8221;default&#8221; hover_enabled=&#8221;0&#8243; sticky_enabled=&#8221;0&#8243; title_text=&#8221;Redskap&#8221;]<\/p>\n<p>Vagnen \u00e4r i utm\u00e4rkt skick och utan rost. Inv\u00e4ndigt konserverad och infettad. D\u00e4cken \u00e4r fr\u00e5n 1969, allts\u00e5 n\u00e4stan nya\u2026<\/p>\n<p>Den \u00e4r maskeringsm\u00e5lad under den gr\u00f6na f\u00e4rgen och tanken \u00e4r att s\u00e5 sm\u00e5ningom \u00e5terst\u00e4lla till hur den s\u00e5g ut n\u00e4r den togs i tj\u00e4nst.<\/p>\n<p>[\/et_pb_blurb][\/et_pb_column][\/et_pb_row][et_pb_row _builder_version=&#8221;4.9.4&#8243; _module_preset=&#8221;default&#8221; column_structure=&#8221;1_2,1_2&#8243;][et_pb_column _builder_version=&#8221;4.9.4&#8243; _module_preset=&#8221;default&#8221; type=&#8221;1_2&#8243;][et_pb_image src=&#8221;https:\/\/www.kokvagn.se\/wp-content\/uploads\/O\u0308ppna-luckor.jpg&#8221; _builder_version=&#8221;4.9.4&#8243; _module_preset=&#8221;default&#8221; title_text=&#8221;O\u0308ppna luckor&#8221; hover_enabled=&#8221;0&#8243; sticky_enabled=&#8221;0&#8243;][\/et_pb_image][\/et_pb_column][et_pb_column _builder_version=&#8221;4.9.4&#8243; _module_preset=&#8221;default&#8221; type=&#8221;1_2&#8243;][et_pb_image src=&#8221;https:\/\/www.kokvagn.se\/wp-content\/uploads\/Interio\u0308r.jpg&#8221; _builder_version=&#8221;4.9.4&#8243; _module_preset=&#8221;default&#8221; title_text=&#8221;Interio\u0308r&#8221; hover_enabled=&#8221;0&#8243; sticky_enabled=&#8221;0&#8243;][\/et_pb_image][\/et_pb_column][\/et_pb_row][et_pb_row _builder_version=&#8221;4.9.4&#8243; _module_preset=&#8221;default&#8221; column_structure=&#8221;1_2,1_2&#8243;][et_pb_column _builder_version=&#8221;4.9.4&#8243; _module_preset=&#8221;default&#8221; type=&#8221;1_2&#8243;][et_pb_blurb image=&#8221;https:\/\/www.kokvagn.se\/wp-content\/uploads\/Vattenka\u0308rl-a\u030anga.jpg&#8221; _builder_version=&#8221;4.9.4&#8243; _module_preset=&#8221;default&#8221; title_text=&#8221;Vattenka\u0308rl a\u030anga&#8221; hover_enabled=&#8221;0&#8243; sticky_enabled=&#8221;0&#8243;]<\/p>\n<p>Vattenbeh\u00e5llare f\u00f6r att ge \u00e5nga under gr\u00e4ddning. Beh\u00e5llaren fylls med en m\u00e4ngd vatten. Kranen \u00f6ppnas och vattnet rinner genom ett r\u00f6r i toppen p\u00e5 fyrboxen d\u00e4r det f\u00f6r\u00e5ngas och ledes vidare till ugnsutrymmet.<\/p>\n<p>[\/et_pb_blurb][\/et_pb_column][et_pb_column _builder_version=&#8221;4.9.4&#8243; _module_preset=&#8221;default&#8221; type=&#8221;1_2&#8243;][et_pb_blurb image=&#8221;https:\/\/www.kokvagn.se\/wp-content\/uploads\/Tra\u030ag-i-ugn.jpg&#8221; _builder_version=&#8221;4.9.4&#8243; _module_preset=&#8221;default&#8221; title_text=&#8221;Tra\u030ag i ugn&#8221; hover_enabled=&#8221;0&#8243; sticky_enabled=&#8221;0&#8243;]<\/p>\n<p>Sammanlagt \u00e5tta stycken tr\u00e5g f\u00e5r plats. Fyra i varje muffel (ugn). Tolv limpor i varje i varje tr\u00e5g ger nittiosex limpor per omg\u00e5ng. Med en gr\u00e4ddningstid p\u00e5 45 minuter. L\u00e4s mer under fliken bakning !<\/p>\n<p>[\/et_pb_blurb][\/et_pb_column][\/et_pb_row][\/et_pb_section][et_pb_section fb_built=&#8221;1&#8243; _builder_version=&#8221;4.9.4&#8243; _module_preset=&#8221;default&#8221;][et_pb_row _builder_version=&#8221;4.9.4&#8243; _module_preset=&#8221;default&#8221; column_structure=&#8221;1_2,1_2&#8243;][et_pb_column _builder_version=&#8221;4.9.4&#8243; _module_preset=&#8221;default&#8221; type=&#8221;1_2&#8243;][et_pb_blurb title=&#8221;Vattentankar&#8221; image=&#8221;https:\/\/www.kokvagn.se\/wp-content\/uploads\/Vattentank-1.jpg&#8221; _builder_version=&#8221;4.9.4&#8243; _module_preset=&#8221;default&#8221; title_text=&#8221;Vattentank 1&#8243; hover_enabled=&#8221;0&#8243; sticky_enabled=&#8221;0&#8243;]<\/p>\n<p>P\u00e5 b\u00e5da sidor av fyrboxen sitter det rostfria vattentankar f\u00f6r att producera varmvatten. Gavlarna \u00e4r avtagningsbara f\u00f6r reng\u00f6ring. P\u00e5 framsidan finns ett \u00e5ngr\u00f6r f\u00f6r att leda bort \u00e5nga om vattnet kokar.<\/p>\n<p>[\/et_pb_blurb][\/et_pb_column][et_pb_column _builder_version=&#8221;4.9.4&#8243; _module_preset=&#8221;default&#8221; type=&#8221;1_2&#8243;][et_pb_image src=&#8221;https:\/\/www.kokvagn.se\/wp-content\/uploads\/Vattentank-3.jpg&#8221; _builder_version=&#8221;4.9.4&#8243; _module_preset=&#8221;default&#8221; title_text=&#8221;Vattentank 3&#8243; hover_enabled=&#8221;0&#8243; sticky_enabled=&#8221;0&#8243;][\/et_pb_image][\/et_pb_column][\/et_pb_row][et_pb_row _builder_version=&#8221;4.9.4&#8243; _module_preset=&#8221;default&#8221; custom_padding=&#8221;0px|||||&#8221;][et_pb_column _builder_version=&#8221;4.9.4&#8243; _module_preset=&#8221;default&#8221; type=&#8221;4_4&#8243;][et_pb_blurb title=&#8221;F\u00f6rsta eldningen&#8221; image=&#8221;https:\/\/www.kokvagn.se\/wp-content\/uploads\/Ro\u0308k-ur-ugn.jpg&#8221; _builder_version=&#8221;4.9.4&#8243; _module_preset=&#8221;default&#8221; title_text=&#8221;Ro\u0308k ur ugn&#8221; hover_enabled=&#8221;0&#8243; sticky_enabled=&#8221;0&#8243; content_max_width=&#8221;1100px&#8221;]<\/p>\n<p>Nedan f\u00f6ljer n\u00e5gra bilder p\u00e5 proveldning nummer tv\u00e5. Nu till full temperatur 230 grader. Eftersom ugnen var konserverad inv\u00e4ndigt med vapenfett blev det en r\u00f6kig tillst\u00e4llning.<\/p>\n<p>[\/et_pb_blurb][\/et_pb_column][\/et_pb_row][et_pb_row _builder_version=&#8221;4.9.4&#8243; _module_preset=&#8221;default&#8221; custom_padding=&#8221;0px|||||&#8221;][et_pb_column _builder_version=&#8221;4.9.4&#8243; _module_preset=&#8221;default&#8221; type=&#8221;4_4&#8243;][et_pb_blurb title=&#8221;F\u00f6rsta eldningen&#8221; image=&#8221;https:\/\/www.kokvagn.se\/wp-content\/uploads\/Ro\u0308k-ur-skorsten.jpg&#8221; _builder_version=&#8221;4.9.4&#8243; _module_preset=&#8221;default&#8221; title_text=&#8221;Ro\u0308k ur skorsten&#8221; hover_enabled=&#8221;0&#8243; sticky_enabled=&#8221;0&#8243; content_max_width=&#8221;1100px&#8221;]<\/p>\n<p>Skorsten \u00e4r som p\u00e5 en st\u00f6rre industri och har en b\u00f6j som riktas i vindriktningen och ger b\u00e4ttre drag d\u00e5 vinden hj\u00e4lper till att suga ut r\u00f6kgaserna.<\/p>\n<p>[\/et_pb_blurb][et_pb_blurb title=&#8221;Eldstaden \u00e4r cirka 1 1\/2 meter djup. Askl\u00e5dan under.&#8221; image=&#8221;https:\/\/www.kokvagn.se\/wp-content\/uploads\/Eld-i-fyrbox.jpg&#8221; _builder_version=&#8221;4.9.4&#8243; _module_preset=&#8221;default&#8221; title_text=&#8221;Eld i fyrbox&#8221; hover_enabled=&#8221;0&#8243; sticky_enabled=&#8221;0&#8243; content_max_width=&#8221;1100px&#8221;][\/et_pb_blurb][\/et_pb_column][\/et_pb_row][et_pb_row _builder_version=&#8221;4.9.4&#8243; _module_preset=&#8221;default&#8221; column_structure=&#8221;1_2,1_2&#8243;][et_pb_column _builder_version=&#8221;4.9.4&#8243; _module_preset=&#8221;default&#8221; type=&#8221;1_2&#8243;][et_pb_blurb title=&#8221;Termometer&#8221; image=&#8221;https:\/\/www.kokvagn.se\/wp-content\/uploads\/230-grader.jpg&#8221; _builder_version=&#8221;4.9.4&#8243; _module_preset=&#8221;default&#8221; title_text=&#8221;230 grader&#8221; hover_enabled=&#8221;0&#8243; sticky_enabled=&#8221;0&#8243;][\/et_pb_blurb][\/et_pb_column][et_pb_column _builder_version=&#8221;4.9.4&#8243; _module_preset=&#8221;default&#8221; type=&#8221;1_2&#8243;][et_pb_blurb title=&#8221;F\u00f6rsta %22baket%22&#8243; image=&#8221;https:\/\/www.kokvagn.se\/wp-content\/uploads\/A\u030atta-kakor.jpg&#8221; _builder_version=&#8221;4.9.4&#8243; _module_preset=&#8221;default&#8221; title_text=&#8221;A\u030atta kakor&#8221; hover_enabled=&#8221;0&#8243; sticky_enabled=&#8221;0&#8243;]<\/p>\n<p>N\u00e4r jag k\u00f6rt hem med vagnen var temperaturen fortfarande 175 grader. Hemma p\u00e5gick bakning av vaniljdr\u00f6mmar och jag kunde inte l\u00e5ta bli att norpa n\u00e5gra stycken f\u00f6r att provbaka ! Jag undrar n\u00e4r n\u00e5gon senast bakade vaniljdr\u00f6mmar i en f\u00e4ltbakugn 201 ??<\/p>\n<p>[\/et_pb_blurb][\/et_pb_column][\/et_pb_row][\/et_pb_section]<\/p>\n","protected":false},"excerpt":{"rendered":"<p>F\u00e4ltbakugn 201Tack vare en uppm\u00e4rksam Tomas L, s\u00e5 \u00e4r jag nu \u00e4gare till vad som verkar vara den enda bevarade f\u00e4ltbakugnen av 40-tals modell.Ugnen h\u00e4mtades fram ur en loge p\u00e5 en g\u00e5rd utanf\u00f6r Str\u00e4ngn\u00e4s d\u00e4r den st\u00e5tt i \u00f6ver femtio \u00e5r.Den \u00e4r tung, och naturligtvis s\u00e5 regnar det, men nu \u00e4r den p\u00e5 sl\u00e4pet och [&hellip;]<\/p>\n","protected":false},"author":1,"featured_media":0,"parent":0,"menu_order":0,"comment_status":"closed","ping_status":"closed","template":"","meta":{"_et_pb_use_builder":"on","_et_pb_old_content":"","_et_gb_content_width":"","footnotes":""},"_links":{"self":[{"href":"https:\/\/www.kokvagn.se\/index.php?rest_route=\/wp\/v2\/pages\/805"}],"collection":[{"href":"https:\/\/www.kokvagn.se\/index.php?rest_route=\/wp\/v2\/pages"}],"about":[{"href":"https:\/\/www.kokvagn.se\/index.php?rest_route=\/wp\/v2\/types\/page"}],"author":[{"embeddable":true,"href":"https:\/\/www.kokvagn.se\/index.php?rest_route=\/wp\/v2\/users\/1"}],"replies":[{"embeddable":true,"href":"https:\/\/www.kokvagn.se\/index.php?rest_route=%2Fwp%2Fv2%2Fcomments&post=805"}],"version-history":[{"count":6,"href":"https:\/\/www.kokvagn.se\/index.php?rest_route=\/wp\/v2\/pages\/805\/revisions"}],"predecessor-version":[{"id":816,"href":"https:\/\/www.kokvagn.se\/index.php?rest_route=\/wp\/v2\/pages\/805\/revisions\/816"}],"wp:attachment":[{"href":"https:\/\/www.kokvagn.se\/index.php?rest_route=%2Fwp%2Fv2%2Fmedia&parent=805"}],"curies":[{"name":"wp","href":"https:\/\/api.w.org\/{rel}","templated":true}]}}