{"id":695,"date":"2021-04-22T20:22:29","date_gmt":"2021-04-22T19:22:29","guid":{"rendered":"http:\/\/www.kokvagn.se\/?page_id=695"},"modified":"2021-05-04T14:53:15","modified_gmt":"2021-05-04T13:53:15","slug":"faltkok","status":"publish","type":"page","link":"https:\/\/www.kokvagn.se\/?page_id=695","title":{"rendered":"F\u00e4ltk\u00f6k"},"content":{"rendered":"<p>[et_pb_section fb_built=&#8221;1&#8243; admin_label=&#8221;Header&#8221; _builder_version=&#8221;4.9.4&#8243; use_background_color_gradient=&#8221;on&#8221; background_color_gradient_start=&#8221;rgba(0,0,0,0.65)&#8221; background_color_gradient_end=&#8221;rgba(224,153,0,0)&#8221; background_color_gradient_direction=&#8221;123deg&#8221; background_color_gradient_overlays_image=&#8221;on&#8221; background_image=&#8221;https:\/\/www.kokvagn.se\/wp-content\/uploads\/Va\u0308rnspis.jpg&#8221; background_size=&#8221;contain&#8221; background_repeat=&#8221;repeat-x&#8221; custom_padding=&#8221;6vw||6vw||true|false&#8221; bottom_divider_style=&#8221;slant2&#8243; bottom_divider_color=&#8221;rgba(0,0,0,0.38)&#8221; bottom_divider_height=&#8221;100%&#8221; bottom_divider_flip=&#8221;horizontal&#8221;][et_pb_row _builder_version=&#8221;3.25&#8243;][et_pb_column type=&#8221;4_4&#8243; _builder_version=&#8221;3.25&#8243; custom_padding=&#8221;|||&#8221; custom_padding__hover=&#8221;|||&#8221;][et_pb_divider color=&#8221;rgba(255,255,255,0.24)&#8221; divider_style=&#8221;dashed&#8221; divider_weight=&#8221;3px&#8221; _builder_version=&#8221;3.17.1&#8243; max_width=&#8221;820px&#8221; height=&#8221;3px&#8221;][\/et_pb_divider][\/et_pb_column][\/et_pb_row][et_pb_row _builder_version=&#8221;3.25&#8243; custom_padding=&#8221;0|0px|0|0px|true|false&#8221; border_color_all=&#8221;#ffa53b&#8221; border_width_left=&#8221;20px&#8221;][et_pb_column type=&#8221;4_4&#8243; _builder_version=&#8221;3.25&#8243; custom_padding=&#8221;|||&#8221; custom_padding__hover=&#8221;|||&#8221;][et_pb_text _builder_version=&#8221;3.27.4&#8243; header_font=&#8221;|800||on|||||&#8221; header_text_color=&#8221;#000000&#8243; header_font_size=&#8221;70px&#8221; header_letter_spacing=&#8221;0.1em&#8221; header_line_height=&#8221;1.4em&#8221; background_color=&#8221;#ffa53b&#8221; max_width=&#8221;800px&#8221; custom_margin=&#8221;||0px&#8221; custom_padding=&#8221;40px|10px|40px|20px|true|false&#8221; header_font_size_tablet=&#8221;40px&#8221; header_font_size_phone=&#8221;30px&#8221; header_font_size_last_edited=&#8221;on|phone&#8221;]<\/p>\n<h1>F\u00e4ltk\u00f6k<\/h1>\n<p>[\/et_pb_text][\/et_pb_column][\/et_pb_row][et_pb_row column_structure=&#8221;2_5,3_5&#8243; _builder_version=&#8221;3.25&#8243; custom_padding=&#8221;0|0px|27px|0px|false|false&#8221;][et_pb_column type=&#8221;2_5&#8243; _builder_version=&#8221;3.25&#8243; custom_padding=&#8221;|||&#8221; custom_padding__hover=&#8221;|||&#8221;][et_pb_button button_text=&#8221;F\u00e4ltk\u00f6k&#8221; _builder_version=&#8221;4.9.4&#8243; custom_button=&#8221;on&#8221; button_text_size=&#8221;16px&#8221; button_border_width=&#8221;0px&#8221; button_border_color=&#8221;rgba(0,0,0,0)&#8221; button_border_radius=&#8221;0px&#8221; button_letter_spacing=&#8221;2px&#8221; button_font=&#8221;|700||on|||||&#8221; button_icon=&#8221;%%3%%&#8221; background_layout=&#8221;dark&#8221; custom_margin=&#8221;||0px&#8221; custom_padding=&#8221;20px|40px|20px|40px|true|true&#8221; box_shadow_style=&#8221;preset2&#8243; box_shadow_horizontal=&#8221;0px&#8221; box_shadow_vertical=&#8221;4px&#8221; box_shadow_blur=&#8221;0px&#8221; box_shadow_color=&#8221;#ffffff&#8221; button_bg_color__hover_enabled=&#8221;on&#8221; button_bg_color__hover=&#8221;rgba(30,30,30,0)&#8221;][\/et_pb_button][\/et_pb_column][et_pb_column type=&#8221;3_5&#8243; _builder_version=&#8221;3.25&#8243; custom_padding=&#8221;60px|||&#8221; custom_padding_tablet=&#8221;20px||&#8221; custom_padding_phone=&#8221;&#8221; custom_padding_last_edited=&#8221;on|tablet&#8221; padding_tablet=&#8221;20px||&#8221; padding_last_edited=&#8221;on|tablet&#8221; custom_padding__hover=&#8221;|||&#8221;][\/et_pb_column][\/et_pb_row][\/et_pb_section][et_pb_section fb_built=&#8221;1&#8243; _builder_version=&#8221;4.9.4&#8243; _module_preset=&#8221;default&#8221;][et_pb_row column_structure=&#8221;1_2,1_2&#8243; _builder_version=&#8221;4.9.4&#8243; _module_preset=&#8221;default&#8221;][et_pb_column type=&#8221;1_2&#8243; _builder_version=&#8221;4.9.4&#8243; _module_preset=&#8221;default&#8221;][et_pb_blurb title=&#8221;\u00a0 V\u00e4rnspis&#8221; image=&#8221;https:\/\/www.kokvagn.se\/wp-content\/uploads\/Va\u0308rnspis.jpg&#8221; _builder_version=&#8221;4.9.4&#8243; _module_preset=&#8221;default&#8221; box_shadow_style=&#8221;preset2&#8243;]<\/p>\n<h3>\u00a0Artikel kommer snart<\/h3>\n<p>[\/et_pb_blurb][\/et_pb_column][et_pb_column type=&#8221;1_2&#8243; _builder_version=&#8221;4.9.4&#8243; _module_preset=&#8221;default&#8221;][et_pb_blurb title=&#8221;\u00a0 U.S. Field Range m\/37&#8243; image=&#8221;https:\/\/www.kokvagn.se\/wp-content\/uploads\/m_37-Field-Range.jpg&#8221; _builder_version=&#8221;4.9.4&#8243; _module_preset=&#8221;default&#8221; hover_enabled=&#8221;0&#8243; box_shadow_style=&#8221;preset2&#8243; link_option_url=&#8221;https:\/\/www.kokvagn.se\/?page_id=782&#8243; sticky_enabled=&#8221;0&#8243;]<\/p>\n<p>Amerikanskt f\u00e4ltk\u00f6k fr\u00e5n 1937 till idag.<\/p>\n<p>[\/et_pb_blurb][\/et_pb_column][\/et_pb_row][\/et_pb_section][et_pb_section fb_built=&#8221;1&#8243; _builder_version=&#8221;4.9.4&#8243; _module_preset=&#8221;default&#8221;][et_pb_row column_structure=&#8221;1_2,1_2&#8243; _builder_version=&#8221;4.9.4&#8243; _module_preset=&#8221;default&#8221;][et_pb_column type=&#8221;1_2&#8243; _builder_version=&#8221;4.9.4&#8243; _module_preset=&#8221;default&#8221;][et_pb_blurb title=&#8221;\u00a0 Alfa f\u00e4ltk\u00f6k&#8221; image=&#8221;https:\/\/www.kokvagn.se\/wp-content\/uploads\/IMG_7346.jpg&#8221; _builder_version=&#8221;4.9.4&#8243; _module_preset=&#8221;default&#8221; hover_enabled=&#8221;0&#8243; box_shadow_style=&#8221;preset2&#8243; link_option_url=&#8221;https:\/\/www.kokvagn.se\/?page_id=777&#8243; sticky_enabled=&#8221;0&#8243;]<\/p>\n<p>Lottak\u00e5rens f\u00f6rsta egna f\u00e4ltk\u00f6k<\/p>\n<p>[\/et_pb_blurb][\/et_pb_column][et_pb_column type=&#8221;1_2&#8243; _builder_version=&#8221;4.9.4&#8243; _module_preset=&#8221;default&#8221;][et_pb_blurb title=&#8221;\u00a0Soyer Field Stove 1853&#8243; image=&#8221;https:\/\/www.kokvagn.se\/wp-content\/uploads\/IMG_9410.jpg&#8221; _builder_version=&#8221;4.9.4&#8243; _module_preset=&#8221;default&#8221; hover_enabled=&#8221;0&#8243; box_shadow_style=&#8221;preset2&#8243; link_option_url=&#8221;https:\/\/www.kokvagn.se\/?page_id=722&#8243; sticky_enabled=&#8221;0&#8243;]<\/p>\n<p>V\u00e4rldens f\u00f6rsta<\/p>\n<p>[\/et_pb_blurb][\/et_pb_column][\/et_pb_row][\/et_pb_section]<\/p>\n","protected":false},"excerpt":{"rendered":"<p>F\u00e4ltk\u00f6k\u00a0Artikel kommer snartAmerikanskt f\u00e4ltk\u00f6k fr\u00e5n 1937 till idag.Lottak\u00e5rens f\u00f6rsta egna f\u00e4ltk\u00f6kV\u00e4rldens f\u00f6rsta<\/p>\n","protected":false},"author":1,"featured_media":0,"parent":0,"menu_order":0,"comment_status":"closed","ping_status":"closed","template":"","meta":{"_et_pb_use_builder":"on","_et_pb_old_content":"","_et_gb_content_width":"","footnotes":""},"_links":{"self":[{"href":"https:\/\/www.kokvagn.se\/index.php?rest_route=\/wp\/v2\/pages\/695"}],"collection":[{"href":"https:\/\/www.kokvagn.se\/index.php?rest_route=\/wp\/v2\/pages"}],"about":[{"href":"https:\/\/www.kokvagn.se\/index.php?rest_route=\/wp\/v2\/types\/page"}],"author":[{"embeddable":true,"href":"https:\/\/www.kokvagn.se\/index.php?rest_route=\/wp\/v2\/users\/1"}],"replies":[{"embeddable":true,"href":"https:\/\/www.kokvagn.se\/index.php?rest_route=%2Fwp%2Fv2%2Fcomments&post=695"}],"version-history":[{"count":9,"href":"https:\/\/www.kokvagn.se\/index.php?rest_route=\/wp\/v2\/pages\/695\/revisions"}],"predecessor-version":[{"id":1148,"href":"https:\/\/www.kokvagn.se\/index.php?rest_route=\/wp\/v2\/pages\/695\/revisions\/1148"}],"wp:attachment":[{"href":"https:\/\/www.kokvagn.se\/index.php?rest_route=%2Fwp%2Fv2%2Fmedia&parent=695"}],"curies":[{"name":"wp","href":"https:\/\/api.w.org\/{rel}","templated":true}]}}